{"id":968,"date":"2022-10-17T12:13:09","date_gmt":"2022-10-17T09:13:09","guid":{"rendered":"https:\/\/www.huomio.fi\/testi\/obelix\/?page_id=968"},"modified":"2025-05-20T18:08:31","modified_gmt":"2025-05-20T15:08:31","slug":"kanta-asiakkuus","status":"publish","type":"page","link":"https:\/\/www.obelix.fi\/hyvinkaa\/kanta-asiakkuus\/","title":{"rendered":"Kanta-asiakkuus"},"content":{"rendered":"\t\t<div data-elementor-type=\"wp-page\" data-elementor-id=\"968\" class=\"elementor elementor-968\" data-elementor-post-type=\"page\">\n\t\t\t\t\t\t<section class=\"elementor-section elementor-top-section elementor-element elementor-element-4c7fc29a elementor-section-height-min-height elementor-section-stretched elementor-section-boxed elementor-section-height-default elementor-section-items-middle\" data-id=\"4c7fc29a\" data-element_type=\"section\" data-settings=\"{&quot;stretch_section&quot;:&quot;section-stretched&quot;}\">\n\t\t\t\t\t\t\t<div class=\"elementor-background-overlay\"><\/div>\n\t\t\t\t\t\t\t<div class=\"elementor-container elementor-column-gap-default\">\n\t\t\t\t\t<div class=\"elementor-column elementor-col-100 elementor-top-column elementor-element elementor-element-71c5be2d\" data-id=\"71c5be2d\" data-element_type=\"column\">\n\t\t\t<div class=\"elementor-widget-wrap elementor-element-populated\">\n\t\t\t\t\t\t\t<\/div>\n\t\t<\/div>\n\t\t\t\t\t<\/div>\n\t\t<\/section>\n\t\t\t\t<section class=\"elementor-section elementor-top-section elementor-element elementor-element-171537ae elementor-section-boxed elementor-section-height-default elementor-section-height-default\" data-id=\"171537ae\" data-element_type=\"section\">\n\t\t\t\t\t\t<div class=\"elementor-container elementor-column-gap-default\">\n\t\t\t\t\t<div class=\"elementor-column elementor-col-100 elementor-top-column elementor-element elementor-element-348d8895\" data-id=\"348d8895\" data-element_type=\"column\">\n\t\t\t<div class=\"elementor-widget-wrap elementor-element-populated\">\n\t\t\t\t\t\t<div class=\"elementor-element elementor-element-af8db48 elementor-widget elementor-widget-heading\" data-id=\"af8db48\" data-element_type=\"widget\" data-widget_type=\"heading.default\">\n\t\t\t\t<div class=\"elementor-widget-container\">\n\t\t\t\t\t<h5 class=\"elementor-heading-title elementor-size-default\">Ravintola Obelix<\/h5>\t\t\t\t<\/div>\n\t\t\t\t<\/div>\n\t\t\t\t<div class=\"elementor-element elementor-element-1f8c3978 elementor-widget elementor-widget-heading\" data-id=\"1f8c3978\" data-element_type=\"widget\" data-widget_type=\"heading.default\">\n\t\t\t\t<div class=\"elementor-widget-container\">\n\t\t\t\t\t<h2 class=\"elementor-heading-title elementor-size-default\">Kanta-asiakkuus<\/h2>\t\t\t\t<\/div>\n\t\t\t\t<\/div>\n\t\t\t\t<div class=\"elementor-element elementor-element-8050aa4 elementor-widget elementor-widget-text-editor\" data-id=\"8050aa4\" data-element_type=\"widget\" data-widget_type=\"text-editor.default\">\n\t\t\t\t<div class=\"elementor-widget-container\">\n\t\t\t\t\t\t\t\t\t<p>Olemme ottaneet k\u00e4ytt\u00f6\u00f6n uuden kanta-asiakasohjelman! Liity Obelixin kanta-asiakkaaksi ja hy\u00f6dynn\u00e4 pysyv\u00e4t ja kuukausittaiset edut. Edut saat k\u00e4ytt\u00f6\u00f6n liittym\u00e4ll\u00e4 kantikseksi alla olevasta linkist\u00e4 tai ravintolassa.\u00a0<\/p>\t\t\t\t\t\t\t\t<\/div>\n\t\t\t\t<\/div>\n\t\t\t\t<div class=\"elementor-element elementor-element-3c03ded elementor-widget elementor-widget-button\" data-id=\"3c03ded\" data-element_type=\"widget\" data-widget_type=\"button.default\">\n\t\t\t\t<div class=\"elementor-widget-container\">\n\t\t\t\t\t\t\t\t\t<div class=\"elementor-button-wrapper\">\n\t\t\t\t\t<a class=\"elementor-button elementor-button-link elementor-size-sm\" href=\"https:\/\/nano.paljon.fi\/3426\/\">\n\t\t\t\t\t\t<span class=\"elementor-button-content-wrapper\">\n\t\t\t\t\t\t\t\t\t<span class=\"elementor-button-text\">Liity t\u00e4st\u00e4<\/span>\n\t\t\t\t\t<\/span>\n\t\t\t\t\t<\/a>\n\t\t\t\t<\/div>\n\t\t\t\t\t\t\t\t<\/div>\n\t\t\t\t<\/div>\n\t\t\t\t\t<\/div>\n\t\t<\/div>\n\t\t\t\t\t<\/div>\n\t\t<\/section>\n\t\t\t\t<section class=\"elementor-section elementor-top-section elementor-element elementor-element-6457bf5b elementor-section-boxed elementor-section-height-default elementor-section-height-default\" data-id=\"6457bf5b\" data-element_type=\"section\">\n\t\t\t\t\t\t\t<div class=\"elementor-background-overlay\"><\/div>\n\t\t\t\t\t\t\t<div class=\"elementor-container elementor-column-gap-custom\">\n\t\t\t\t\t<div class=\"elementor-column elementor-col-33 elementor-top-column elementor-element elementor-element-08420e6\" data-id=\"08420e6\" data-element_type=\"column\">\n\t\t\t<div class=\"elementor-widget-wrap elementor-element-populated\">\n\t\t\t\t\t\t<div class=\"elementor-element elementor-element-89ebf0d elementor-widget elementor-widget-heading\" data-id=\"89ebf0d\" data-element_type=\"widget\" data-widget_type=\"heading.default\">\n\t\t\t\t<div class=\"elementor-widget-container\">\n\t\t\t\t\t<h2 class=\"elementor-heading-title elementor-size-default\">Pysyv\u00e4t edut<\/h2>\t\t\t\t<\/div>\n\t\t\t\t<\/div>\n\t\t\t\t<div class=\"elementor-element elementor-element-26b2dd4 elementor-widget elementor-widget-text-editor\" data-id=\"26b2dd4\" data-element_type=\"widget\" data-widget_type=\"text-editor.default\">\n\t\t\t\t<div class=\"elementor-widget-container\">\n\t\t\t\t\t\t\t\t\t<p>Kanta-asiakkaana saat 5 %:n bonuksen kaikista ostoista Ravintola Obelixissa ja Bistro Wool Factoryss\u00e4. Mainitse kanta-asiakkuudestasi maksun yhteydess\u00e4 tarjoilijalle ja kerryt\u00e4 bonustasi! Voit hy\u00f6dynt\u00e4\u00e4 kertyneen bonuksen alennuksena seuraavalla k\u00e4ynnill\u00e4si.\u00a0<\/p>\t\t\t\t\t\t\t\t<\/div>\n\t\t\t\t<\/div>\n\t\t\t\t\t<\/div>\n\t\t<\/div>\n\t\t\t\t<div class=\"elementor-column elementor-col-33 elementor-top-column elementor-element elementor-element-7fc601f\" data-id=\"7fc601f\" data-element_type=\"column\">\n\t\t\t<div class=\"elementor-widget-wrap elementor-element-populated\">\n\t\t\t\t\t\t<div class=\"elementor-element elementor-element-e8132e9 elementor-widget elementor-widget-heading\" data-id=\"e8132e9\" data-element_type=\"widget\" data-widget_type=\"heading.default\">\n\t\t\t\t<div class=\"elementor-widget-container\">\n\t\t\t\t\t<h2 class=\"elementor-heading-title elementor-size-default\">Vaihtuvat edut<\/h2>\t\t\t\t<\/div>\n\t\t\t\t<\/div>\n\t\t\t\t<div class=\"elementor-element elementor-element-d7bbd08 elementor-widget elementor-widget-text-editor\" data-id=\"d7bbd08\" data-element_type=\"widget\" data-widget_type=\"text-editor.default\">\n\t\t\t\t<div class=\"elementor-widget-container\">\n\t\t\t\t\t\t\t\t\t<p>Kanta-asiakkuus kannattaa! Kanta-asiakkaille tarjoamme ajoittain vaihtuvia etuja. Nyt liittymisetuna uusille kanta-asiakkaille lounasbuffet hintaan 10 \u20ac! Julkaisemme etuja verkkosivujen lis\u00e4ksi facebook-sivuillamme, instagramissa tai uutiskirjeess\u00e4mme. Seuraa meit\u00e4 somessa ja pysy ajan tasalla!<\/p>\t\t\t\t\t\t\t\t<\/div>\n\t\t\t\t<\/div>\n\t\t\t\t\t<\/div>\n\t\t<\/div>\n\t\t\t\t<div class=\"elementor-column elementor-col-33 elementor-top-column elementor-element elementor-element-1db21e89\" data-id=\"1db21e89\" data-element_type=\"column\">\n\t\t\t<div class=\"elementor-widget-wrap elementor-element-populated\">\n\t\t\t\t\t\t<div class=\"elementor-element elementor-element-4ce3c94b elementor-widget elementor-widget-heading\" data-id=\"4ce3c94b\" data-element_type=\"widget\" data-widget_type=\"heading.default\">\n\t\t\t\t<div class=\"elementor-widget-container\">\n\t\t\t\t\t<h2 class=\"elementor-heading-title elementor-size-default\">Lahja- ja kanta-asiakaskortti<\/h2>\t\t\t\t<\/div>\n\t\t\t\t<\/div>\n\t\t\t\t<div class=\"elementor-element elementor-element-390890bf elementor-widget elementor-widget-text-editor\" data-id=\"390890bf\" data-element_type=\"widget\" data-widget_type=\"text-editor.default\">\n\t\t\t\t<div class=\"elementor-widget-container\">\n\t\t\t\t\t\t\t\t\t<p>Mik\u00e4li sinulla on kanta-asiakaskortti, voit jatkaa sen k\u00e4ytt\u00f6\u00e4 kuten t\u00e4h\u00e4nkin saakka. J\u00e4rjestelm\u00e4t eiv\u00e4t poissulje toisiaan. Lahjakortit edelleen saatavilla ja ladattavissa ravintoloissa! Kortit k\u00e4yv\u00e4t my\u00f6s Ravintola Obelix Riihim\u00e4ell\u00e4, Bistro Wool Factoryssa sek\u00e4 Kaapelin Kanttiinissa Hyvink\u00e4\u00e4ll\u00e4. Ravintola Obelixin lahjakorttia voit hy\u00f6dynt\u00e4\u00e4 kanta-asiakaskortin tapaan saamalla ostoista -5 % maksutapaetua. Alennus koskee yht\u00e4 korttia. Etua ei voi yhdist\u00e4\u00e4 muihin alennuksiin eik\u00e4 lahjakorttiostot oikeuta bonukseen. Tiedustele korttia Ravintola Obelixin kassalta.<\/p>\t\t\t\t\t\t\t\t<\/div>\n\t\t\t\t<\/div>\n\t\t\t\t\t<\/div>\n\t\t<\/div>\n\t\t\t\t\t<\/div>\n\t\t<\/section>\n\t\t\t\t<section class=\"elementor-section elementor-top-section elementor-element elementor-element-737811b elementor-section-boxed elementor-section-height-default elementor-section-height-default\" data-id=\"737811b\" data-element_type=\"section\">\n\t\t\t\t\t\t<div class=\"elementor-container elementor-column-gap-default\">\n\t\t\t\t\t<div class=\"elementor-column elementor-col-50 elementor-top-column elementor-element elementor-element-0e16221\" data-id=\"0e16221\" data-element_type=\"column\">\n\t\t\t<div class=\"elementor-widget-wrap elementor-element-populated\">\n\t\t\t\t\t\t<div class=\"elementor-element elementor-element-4c11101 elementor-widget elementor-widget-heading\" data-id=\"4c11101\" data-element_type=\"widget\" data-widget_type=\"heading.default\">\n\t\t\t\t<div class=\"elementor-widget-container\">\n\t\t\t\t\t<h2 class=\"elementor-heading-title elementor-size-default\">Kuinka liityn kanta-asiakkaaksi?<\/h2>\t\t\t\t<\/div>\n\t\t\t\t<\/div>\n\t\t\t\t<div class=\"elementor-element elementor-element-b6a738c elementor-widget elementor-widget-text-editor\" data-id=\"b6a738c\" data-element_type=\"widget\" data-widget_type=\"text-editor.default\">\n\t\t\t\t<div class=\"elementor-widget-container\">\n\t\t\t\t\t\t\t\t\t<p>Voit liitty\u00e4 Obelixin kanta-asiakkaaksi milloin vain. Se onnistuu helposti verkossa tai ravintolassa QR-koodia hy\u00f6dynt\u00e4m\u00e4ll\u00e4 tai tekstiviestikutsulla. Henkil\u00f6kuntamme auttaa asiassa mielell\u00e4\u00e4n!\u00a0 Liittyminen on maksutonta.<\/p><p><a href=\"https:\/\/nano.paljon.fi\/3419\/\">Liity nyt!<\/a><\/p>\t\t\t\t\t\t\t\t<\/div>\n\t\t\t\t<\/div>\n\t\t\t\t\t<\/div>\n\t\t<\/div>\n\t\t\t\t<div class=\"elementor-column elementor-col-50 elementor-top-column elementor-element elementor-element-f8db21d\" data-id=\"f8db21d\" data-element_type=\"column\">\n\t\t\t<div class=\"elementor-widget-wrap elementor-element-populated\">\n\t\t\t\t\t\t<div class=\"elementor-element elementor-element-2d7c927 elementor-widget elementor-widget-heading\" data-id=\"2d7c927\" data-element_type=\"widget\" data-widget_type=\"heading.default\">\n\t\t\t\t<div class=\"elementor-widget-container\">\n\t\t\t\t\t<h2 class=\"elementor-heading-title elementor-size-default\">Kuinka hankin lahjakortin?<\/h2>\t\t\t\t<\/div>\n\t\t\t\t<\/div>\n\t\t\t\t<div class=\"elementor-element elementor-element-e3266c6 elementor-widget elementor-widget-text-editor\" data-id=\"e3266c6\" data-element_type=\"widget\" data-widget_type=\"text-editor.default\">\n\t\t\t\t<div class=\"elementor-widget-container\">\n\t\t\t\t\t\t\t\t\t<p>Lahjakortin saat Ravintola Obelixin kassalta. Kortille ladataan haluamasi m\u00e4\u00e4r\u00e4 k\u00e4ytt\u00f6rahaa, joilla voit maksaa kaikissa ravintoloissamme. Maksaessasi lahjakortilla saat 5 % maksutapaetua laskustasi. Kortti on maksuton.\u00a0<\/p><p><a href=\"https:\/\/www.obelix.fi\/hyvinkaa\/lahjakortit\/\">Lue lis\u00e4\u00e4<\/a><\/p>\t\t\t\t\t\t\t\t<\/div>\n\t\t\t\t<\/div>\n\t\t\t\t\t<\/div>\n\t\t<\/div>\n\t\t\t\t\t<\/div>\n\t\t<\/section>\n\t\t\t\t<\/div>\n\t\t","protected":false},"excerpt":{"rendered":"<p>Ravintola Obelix Kanta-asiakkuus Olemme ottaneet k\u00e4ytt\u00f6\u00f6n uuden kanta-asiakasohjelman! Liity Obelixin kanta-asiakkaaksi ja hy\u00f6dynn\u00e4 pysyv\u00e4t ja kuukausittaiset edut. Edut saat k\u00e4ytt\u00f6\u00f6n liittym\u00e4ll\u00e4 kantikseksi alla olevasta linkist\u00e4 tai ravintolassa.\u00a0 Liity t\u00e4st\u00e4 Pysyv\u00e4t edut Kanta-asiakkaana saat 5 %:n bonuksen kaikista ostoista Ravintola Obelixissa ja Bistro Wool Factoryss\u00e4. Mainitse kanta-asiakkuudestasi maksun yhteydess\u00e4 tarjoilijalle ja kerryt\u00e4 bonustasi! Voit hy\u00f6dynt\u00e4\u00e4 kertyneen [&hellip;]<\/p>\n","protected":false},"author":2,"featured_media":0,"parent":0,"menu_order":0,"comment_status":"closed","ping_status":"closed","template":"","meta":{"footnotes":""},"class_list":["post-968","page","type-page","status-publish","hentry"],"_links":{"self":[{"href":"https:\/\/www.obelix.fi\/hyvinkaa\/wp-json\/wp\/v2\/pages\/968","targetHints":{"allow":["GET"]}}],"collection":[{"href":"https:\/\/www.obelix.fi\/hyvinkaa\/wp-json\/wp\/v2\/pages"}],"about":[{"href":"https:\/\/www.obelix.fi\/hyvinkaa\/wp-json\/wp\/v2\/types\/page"}],"author":[{"embeddable":true,"href":"https:\/\/www.obelix.fi\/hyvinkaa\/wp-json\/wp\/v2\/users\/2"}],"replies":[{"embeddable":true,"href":"https:\/\/www.obelix.fi\/hyvinkaa\/wp-json\/wp\/v2\/comments?post=968"}],"version-history":[{"count":37,"href":"https:\/\/www.obelix.fi\/hyvinkaa\/wp-json\/wp\/v2\/pages\/968\/revisions"}],"predecessor-version":[{"id":3822,"href":"https:\/\/www.obelix.fi\/hyvinkaa\/wp-json\/wp\/v2\/pages\/968\/revisions\/3822"}],"wp:attachment":[{"href":"https:\/\/www.obelix.fi\/hyvinkaa\/wp-json\/wp\/v2\/media?parent=968"}],"curies":[{"name":"wp","href":"https:\/\/api.w.org\/{rel}","templated":true}]}}