{"id":198,"date":"2021-07-05T14:48:37","date_gmt":"2021-07-05T11:48:37","guid":{"rendered":"http:\/\/77.240.19.37\/~huomiotesti\/pohja\/?page_id=198"},"modified":"2026-04-21T10:46:50","modified_gmt":"2026-04-21T07:46:50","slug":"juomat","status":"publish","type":"page","link":"https:\/\/www.obelix.fi\/hyvinkaa\/juomat\/","title":{"rendered":"Juomat"},"content":{"rendered":"\t\t<div data-elementor-type=\"wp-page\" data-elementor-id=\"198\" class=\"elementor elementor-198\" data-elementor-post-type=\"page\">\n\t\t\t\t\t\t<section class=\"elementor-section elementor-top-section elementor-element elementor-element-70ff00fe elementor-section-height-min-height elementor-section-stretched elementor-section-boxed elementor-section-height-default elementor-section-items-middle\" data-id=\"70ff00fe\" data-element_type=\"section\" data-settings=\"{&quot;stretch_section&quot;:&quot;section-stretched&quot;}\">\n\t\t\t\t\t\t\t<div class=\"elementor-background-overlay\"><\/div>\n\t\t\t\t\t\t\t<div class=\"elementor-container elementor-column-gap-default\">\n\t\t\t\t\t<div class=\"elementor-column elementor-col-100 elementor-top-column elementor-element elementor-element-4af5d2b7\" data-id=\"4af5d2b7\" data-element_type=\"column\">\n\t\t\t<div class=\"elementor-widget-wrap elementor-element-populated\">\n\t\t\t\t\t\t\t<\/div>\n\t\t<\/div>\n\t\t\t\t\t<\/div>\n\t\t<\/section>\n\t\t\t\t<section class=\"elementor-section elementor-top-section elementor-element elementor-element-7634e9c elementor-section-boxed elementor-section-height-default elementor-section-height-default\" data-id=\"7634e9c\" data-element_type=\"section\">\n\t\t\t\t\t\t<div class=\"elementor-container elementor-column-gap-default\">\n\t\t\t\t\t<div class=\"elementor-column elementor-col-100 elementor-top-column elementor-element elementor-element-1dadc16a\" data-id=\"1dadc16a\" data-element_type=\"column\">\n\t\t\t<div class=\"elementor-widget-wrap elementor-element-populated\">\n\t\t\t\t\t\t<div class=\"elementor-element elementor-element-65c84972 elementor-widget elementor-widget-heading\" data-id=\"65c84972\" data-element_type=\"widget\" data-widget_type=\"heading.default\">\n\t\t\t\t<div class=\"elementor-widget-container\">\n\t\t\t\t\t<h5 class=\"elementor-heading-title elementor-size-default\">Ravintola Obelix<\/h5>\t\t\t\t<\/div>\n\t\t\t\t<\/div>\n\t\t\t\t<div class=\"elementor-element elementor-element-43d577ec elementor-widget elementor-widget-heading\" data-id=\"43d577ec\" data-element_type=\"widget\" data-widget_type=\"heading.default\">\n\t\t\t\t<div class=\"elementor-widget-container\">\n\t\t\t\t\t<h2 class=\"elementor-heading-title elementor-size-default\">Laaja juomavalikoima<\/h2>\t\t\t\t<\/div>\n\t\t\t\t<\/div>\n\t\t\t\t<div class=\"elementor-element elementor-element-4f7b130c elementor-widget elementor-widget-text-editor\" data-id=\"4f7b130c\" data-element_type=\"widget\" data-widget_type=\"text-editor.default\">\n\t\t\t\t<div class=\"elementor-widget-container\">\n\t\t\t\t\t\t\t\t\t<p>Ravintolassamme on A-oikeudet. Meill\u00e4 on tarjolla laaja valikoima oluita, siidereit\u00e4, viinej\u00e4, drinkkej\u00e4 ja aperitiiveja. Tarjoilijalta saat tarvittaessa juomasuosituksia alkudrinkiksi tai ruuan kanssa yhteensopivia vaihtoehtoja.<\/p><p>Valitettavasti meill\u00e4 ei ole alkoholin ulosmyyntioikeuksia, mutta tarjolla on valikoima alkoholittomia tuotteita Take away -ruokien kyytipojaksi.<\/p>\t\t\t\t\t\t\t\t<\/div>\n\t\t\t\t<\/div>\n\t\t\t\t<div class=\"elementor-element elementor-element-228c2ea elementor-widget elementor-widget-button\" data-id=\"228c2ea\" data-element_type=\"widget\" data-widget_type=\"button.default\">\n\t\t\t\t<div class=\"elementor-widget-container\">\n\t\t\t\t\t\t\t\t\t<div class=\"elementor-button-wrapper\">\n\t\t\t\t\t<a class=\"elementor-button elementor-button-link elementor-size-sm\" href=\"https:\/\/www.obelix.fi\/hyvinkaa\/wp-content\/uploads\/2026\/04\/Juomat-OBELIX-kesa-2026.pdf\">\n\t\t\t\t\t\t<span class=\"elementor-button-content-wrapper\">\n\t\t\t\t\t\t\t\t\t<span class=\"elementor-button-text\">Katso juomalista<\/span>\n\t\t\t\t\t<\/span>\n\t\t\t\t\t<\/a>\n\t\t\t\t<\/div>\n\t\t\t\t\t\t\t\t<\/div>\n\t\t\t\t<\/div>\n\t\t\t\t\t<\/div>\n\t\t<\/div>\n\t\t\t\t\t<\/div>\n\t\t<\/section>\n\t\t\t\t<\/div>\n\t\t","protected":false},"excerpt":{"rendered":"<p>Ravintola Obelix Laaja juomavalikoima Ravintolassamme on A-oikeudet. Meill\u00e4 on tarjolla laaja valikoima oluita, siidereit\u00e4, viinej\u00e4, drinkkej\u00e4 ja aperitiiveja. Tarjoilijalta saat tarvittaessa juomasuosituksia alkudrinkiksi tai ruuan kanssa yhteensopivia vaihtoehtoja. Valitettavasti meill\u00e4 ei ole alkoholin ulosmyyntioikeuksia, mutta tarjolla on valikoima alkoholittomia tuotteita Take away -ruokien kyytipojaksi. Katso juomalista<\/p>\n","protected":false},"author":2,"featured_media":0,"parent":0,"menu_order":0,"comment_status":"closed","ping_status":"closed","template":"","meta":{"footnotes":""},"class_list":["post-198","page","type-page","status-publish","hentry"],"_links":{"self":[{"href":"https:\/\/www.obelix.fi\/hyvinkaa\/wp-json\/wp\/v2\/pages\/198","targetHints":{"allow":["GET"]}}],"collection":[{"href":"https:\/\/www.obelix.fi\/hyvinkaa\/wp-json\/wp\/v2\/pages"}],"about":[{"href":"https:\/\/www.obelix.fi\/hyvinkaa\/wp-json\/wp\/v2\/types\/page"}],"author":[{"embeddable":true,"href":"https:\/\/www.obelix.fi\/hyvinkaa\/wp-json\/wp\/v2\/users\/2"}],"replies":[{"embeddable":true,"href":"https:\/\/www.obelix.fi\/hyvinkaa\/wp-json\/wp\/v2\/comments?post=198"}],"version-history":[{"count":108,"href":"https:\/\/www.obelix.fi\/hyvinkaa\/wp-json\/wp\/v2\/pages\/198\/revisions"}],"predecessor-version":[{"id":4469,"href":"https:\/\/www.obelix.fi\/hyvinkaa\/wp-json\/wp\/v2\/pages\/198\/revisions\/4469"}],"wp:attachment":[{"href":"https:\/\/www.obelix.fi\/hyvinkaa\/wp-json\/wp\/v2\/media?parent=198"}],"curies":[{"name":"wp","href":"https:\/\/api.w.org\/{rel}","templated":true}]}}