{"id":193,"date":"2021-07-05T14:29:37","date_gmt":"2021-07-05T11:29:37","guid":{"rendered":"http:\/\/77.240.19.37\/~huomiotesti\/pohja\/?page_id=193"},"modified":"2025-12-16T18:38:03","modified_gmt":"2025-12-16T16:38:03","slug":"yhteystiedot","status":"publish","type":"page","link":"https:\/\/www.obelix.fi\/hyvinkaa\/yhteystiedot\/","title":{"rendered":"Yhteystiedot"},"content":{"rendered":"\t\t<div data-elementor-type=\"wp-page\" data-elementor-id=\"193\" class=\"elementor elementor-193\" data-elementor-post-type=\"page\">\n\t\t\t\t\t\t<section class=\"elementor-section elementor-top-section elementor-element elementor-element-7b45443 elementor-section-boxed elementor-section-height-default elementor-section-height-default\" data-id=\"7b45443\" data-element_type=\"section\">\n\t\t\t\t\t\t<div class=\"elementor-container elementor-column-gap-default\">\n\t\t\t\t\t<div class=\"elementor-column elementor-col-50 elementor-top-column elementor-element elementor-element-c2ec562\" data-id=\"c2ec562\" data-element_type=\"column\">\n\t\t\t<div class=\"elementor-widget-wrap elementor-element-populated\">\n\t\t\t\t\t\t<div class=\"elementor-element elementor-element-fa62926 elementor-widget elementor-widget-heading\" data-id=\"fa62926\" data-element_type=\"widget\" data-widget_type=\"heading.default\">\n\t\t\t\t<div class=\"elementor-widget-container\">\n\t\t\t\t\t<h2 class=\"elementor-heading-title elementor-size-default\">Yhteystiedot<\/h2>\t\t\t\t<\/div>\n\t\t\t\t<\/div>\n\t\t\t\t<div class=\"elementor-element elementor-element-69e4b33 elementor-widget elementor-widget-text-editor\" data-id=\"69e4b33\" data-element_type=\"widget\" data-widget_type=\"text-editor.default\">\n\t\t\t\t<div class=\"elementor-widget-container\">\n\t\t\t\t\t\t\t\t\t<h4>Ravintola Obelix<\/h4><p>Uudenmaankatu 4-6<br \/>05800 Hyvink\u00e4\u00e4<\/p><p>Puhelin 019 451130<br \/>Whatsapp +358 40 6472863<br \/>obelix@obelix.fi<\/p><h4>Avoinna<\/h4><p>Olemme avoinna maanantaista lauantaihin. Sunnuntaisin ravintolamme on suljettu.<\/p><p>MA-TO 10.30-22.00 (keitti\u00f6 21.30, 7.1. alkaen 21.00)<br \/>PE 10.30-23.00 (keitti\u00f6 22.00)<br \/>LA 12.00-23.00 (keitti\u00f6 22.00)<\/p><p>Maistuvia annoksia paikan p\u00e4\u00e4ll\u00e4 nautittavaksi tai kotiin noudettavaksi! Soita meille tai tule paikan p\u00e4\u00e4lle ja tilaa.<\/p><h4>Esteett\u00f6myys<\/h4><p>Ravintolamme sis\u00e4\u00e4np\u00e4\u00e4sy on esteet\u00f6n ja meilt\u00e4 l\u00f6ytyy esteet\u00f6n WC. Mainitsettehan varauksen yhteydess\u00e4, ett\u00e4 p\u00f6yd\u00e4n my\u00f6s tulee olla esteet\u00f6n.<\/p>\t\t\t\t\t\t\t\t<\/div>\n\t\t\t\t<\/div>\n\t\t\t\t\t<\/div>\n\t\t<\/div>\n\t\t\t\t<div class=\"elementor-column elementor-col-50 elementor-top-column elementor-element elementor-element-0e9eb56\" data-id=\"0e9eb56\" data-element_type=\"column\">\n\t\t\t<div class=\"elementor-widget-wrap elementor-element-populated\">\n\t\t\t\t\t\t<div class=\"elementor-element elementor-element-8be0a08 elementor-widget elementor-widget-image\" data-id=\"8be0a08\" data-element_type=\"widget\" data-widget_type=\"image.default\">\n\t\t\t\t<div class=\"elementor-widget-container\">\n\t\t\t\t\t\t\t\t\t\t\t\t\t\t\t<img fetchpriority=\"high\" decoding=\"async\" width=\"800\" height=\"534\" src=\"https:\/\/www.obelix.fi\/hyvinkaa\/wp-content\/uploads\/2023\/05\/obelix_1080x720px_miljoo3-1-1024x683_.jpg\" class=\"attachment-large size-large wp-image-1799\" alt=\"\" srcset=\"https:\/\/www.obelix.fi\/hyvinkaa\/wp-content\/uploads\/2023\/05\/obelix_1080x720px_miljoo3-1-1024x683_.jpg 1024w, https:\/\/www.obelix.fi\/hyvinkaa\/wp-content\/uploads\/2023\/05\/obelix_1080x720px_miljoo3-1-1024x683_-400x267.jpg 400w, https:\/\/www.obelix.fi\/hyvinkaa\/wp-content\/uploads\/2023\/05\/obelix_1080x720px_miljoo3-1-1024x683_-768x512.jpg 768w\" sizes=\"(max-width: 800px) 100vw, 800px\" \/>\t\t\t\t\t\t\t\t\t\t\t\t\t\t\t<\/div>\n\t\t\t\t<\/div>\n\t\t\t\t<div class=\"elementor-element elementor-element-3c66da6 elementor-widget elementor-widget-heading\" data-id=\"3c66da6\" data-element_type=\"widget\" data-widget_type=\"heading.default\">\n\t\t\t\t<div class=\"elementor-widget-container\">\n\t\t\t\t\t<h2 class=\"elementor-heading-title elementor-size-default\">L\u00e4het\u00e4 viesti<\/h2>\t\t\t\t<\/div>\n\t\t\t\t<\/div>\n\t\t\t\t<div class=\"elementor-element elementor-element-bda6245 elementor-button-align-stretch elementor-widget elementor-widget-form\" data-id=\"bda6245\" data-element_type=\"widget\" data-settings=\"{&quot;button_width&quot;:&quot;25&quot;,&quot;step_next_label&quot;:&quot;Next&quot;,&quot;step_previous_label&quot;:&quot;Previous&quot;,&quot;step_type&quot;:&quot;number_text&quot;,&quot;step_icon_shape&quot;:&quot;circle&quot;}\" data-widget_type=\"form.default\">\n\t\t\t\t<div class=\"elementor-widget-container\">\n\t\t\t\t\t\t\t<form class=\"elementor-form\" method=\"post\" name=\"yhteyslomake\" aria-label=\"yhteyslomake\">\n\t\t\t<input type=\"hidden\" name=\"post_id\" value=\"193\"\/>\n\t\t\t<input type=\"hidden\" name=\"form_id\" value=\"bda6245\"\/>\n\t\t\t<input type=\"hidden\" name=\"referer_title\" value=\"Yhteystiedot\" \/>\n\n\t\t\t\t\t\t\t<input type=\"hidden\" name=\"queried_id\" value=\"193\"\/>\n\t\t\t\n\t\t\t<div class=\"elementor-form-fields-wrapper elementor-labels-above\">\n\t\t\t\t\t\t\t\t<div class=\"elementor-field-type-text elementor-field-group elementor-column elementor-field-group-name elementor-col-100 elementor-field-required elementor-mark-required\">\n\t\t\t\t\t\t\t\t\t\t\t\t<label for=\"form-field-name\" class=\"elementor-field-label\">\n\t\t\t\t\t\t\t\tEtu- ja Sukunimesi\t\t\t\t\t\t\t<\/label>\n\t\t\t\t\t\t\t\t\t\t\t\t\t\t<input size=\"1\" type=\"text\" name=\"form_fields[name]\" id=\"form-field-name\" class=\"elementor-field elementor-size-sm  elementor-field-textual\" required=\"required\">\n\t\t\t\t\t\t\t\t\t\t\t<\/div>\n\t\t\t\t\t\t\t\t<div class=\"elementor-field-type-email elementor-field-group elementor-column elementor-field-group-email elementor-col-100 elementor-field-required elementor-mark-required\">\n\t\t\t\t\t\t\t\t\t\t\t\t<label for=\"form-field-email\" class=\"elementor-field-label\">\n\t\t\t\t\t\t\t\tS\u00e4hk\u00f6postiosoitteesi\t\t\t\t\t\t\t<\/label>\n\t\t\t\t\t\t\t\t\t\t\t\t\t\t<input size=\"1\" type=\"email\" name=\"form_fields[email]\" id=\"form-field-email\" class=\"elementor-field elementor-size-sm  elementor-field-textual\" required=\"required\">\n\t\t\t\t\t\t\t\t\t\t\t<\/div>\n\t\t\t\t\t\t\t\t<div class=\"elementor-field-type-tel elementor-field-group elementor-column elementor-field-group-field_1938630 elementor-col-100\">\n\t\t\t\t\t\t\t\t\t\t\t\t<label for=\"form-field-field_1938630\" class=\"elementor-field-label\">\n\t\t\t\t\t\t\t\tPuhelin\t\t\t\t\t\t\t<\/label>\n\t\t\t\t\t\t\t\t<input size=\"1\" type=\"tel\" name=\"form_fields[field_1938630]\" id=\"form-field-field_1938630\" class=\"elementor-field elementor-size-sm  elementor-field-textual\" pattern=\"[0-9()#&amp;+*-=.]+\" title=\"Only numbers and phone characters (#, -, *, etc) are accepted.\">\n\n\t\t\t\t\t\t<\/div>\n\t\t\t\t\t\t\t\t<div class=\"elementor-field-type-textarea elementor-field-group elementor-column elementor-field-group-message elementor-col-100 elementor-field-required elementor-mark-required\">\n\t\t\t\t\t\t\t\t\t\t\t\t<label for=\"form-field-message\" class=\"elementor-field-label\">\n\t\t\t\t\t\t\t\tViestisi\t\t\t\t\t\t\t<\/label>\n\t\t\t\t\t\t<textarea class=\"elementor-field-textual elementor-field  elementor-size-sm\" name=\"form_fields[message]\" id=\"form-field-message\" rows=\"4\" required=\"required\"><\/textarea>\t\t\t\t<\/div>\n\t\t\t\t\t\t\t\t<div class=\"elementor-field-type-recaptcha_v3 elementor-field-group elementor-column elementor-field-group-field_45232a7 elementor-col-100 recaptcha_v3-bottomright\">\n\t\t\t\t\t<div class=\"elementor-field\" id=\"form-field-field_45232a7\"><div class=\"elementor-g-recaptcha\" data-sitekey=\"6LeiwlgkAAAAAEQeXFgI8jvHeaVFlmW5rEcw10E4\" data-type=\"v3\" data-action=\"Form\" data-badge=\"bottomright\" data-size=\"invisible\"><\/div><\/div>\t\t\t\t<\/div>\n\t\t\t\t\t\t\t\t<div class=\"elementor-field-group elementor-column elementor-field-type-submit elementor-col-25 e-form__buttons\">\n\t\t\t\t\t<button class=\"elementor-button elementor-size-sm\" type=\"submit\">\n\t\t\t\t\t\t<span class=\"elementor-button-content-wrapper\">\n\t\t\t\t\t\t\t\t\t\t\t\t\t\t\t\t\t\t\t\t\t\t<span class=\"elementor-button-text\">L\u00e4het\u00e4<\/span>\n\t\t\t\t\t\t\t\t\t\t\t\t\t<\/span>\n\t\t\t\t\t<\/button>\n\t\t\t\t<\/div>\n\t\t\t<\/div>\n\t\t<\/form>\n\t\t\t\t\t\t<\/div>\n\t\t\t\t<\/div>\n\t\t\t\t\t<\/div>\n\t\t<\/div>\n\t\t\t\t\t<\/div>\n\t\t<\/section>\n\t\t\t\t<section class=\"elementor-section elementor-top-section elementor-element elementor-element-b66256e elementor-section-boxed elementor-section-height-default elementor-section-height-default\" data-id=\"b66256e\" data-element_type=\"section\">\n\t\t\t\t\t\t<div class=\"elementor-container elementor-column-gap-default\">\n\t\t\t\t\t<div class=\"elementor-column elementor-col-50 elementor-top-column elementor-element elementor-element-70e5b9c\" data-id=\"70e5b9c\" data-element_type=\"column\">\n\t\t\t<div class=\"elementor-widget-wrap elementor-element-populated\">\n\t\t\t\t\t\t<div class=\"elementor-element elementor-element-5e19b48 elementor-widget elementor-widget-heading\" data-id=\"5e19b48\" data-element_type=\"widget\" data-widget_type=\"heading.default\">\n\t\t\t\t<div class=\"elementor-widget-container\">\n\t\t\t\t\t<h2 class=\"elementor-heading-title elementor-size-default\">P\u00f6yt\u00e4varaukset<\/h2>\t\t\t\t<\/div>\n\t\t\t\t<\/div>\n\t\t\t\t<div class=\"elementor-element elementor-element-f903840 elementor-widget elementor-widget-text-editor\" data-id=\"f903840\" data-element_type=\"widget\" data-widget_type=\"text-editor.default\">\n\t\t\t\t<div class=\"elementor-widget-container\">\n\t\t\t\t\t\t\t\t\t<p>Ravintola Obelixissa k\u00e4yt\u00f6ss\u00e4 Quandoo-varausj\u00e4rjestelm\u00e4n, joka mahdollistaa helpon ja nopean online-varaamisen.<\/p><p>Puhelimitse: 019 451 130<br \/>S\u00e4hk\u00f6postilla: obelix@obelix.fi<\/p><p>Kiireiseen lounasaikaan klo 11-14 emme v\u00e4ltt\u00e4m\u00e4tt\u00e4<br \/>ehdi vastata puhelimeen, joten yst\u00e4v\u00e4llisesti toivomme\u00a0<br \/>ett\u00e4 p\u00f6yt\u00e4varaukset teht\u00e4isiin klo 14 j\u00e4lkeen.<\/p>\t\t\t\t\t\t\t\t<\/div>\n\t\t\t\t<\/div>\n\t\t\t\t<div class=\"elementor-element elementor-element-a4c9d81 elementor-widget elementor-widget-button\" data-id=\"a4c9d81\" data-element_type=\"widget\" data-widget_type=\"button.default\">\n\t\t\t\t<div class=\"elementor-widget-container\">\n\t\t\t\t\t\t\t\t\t<div class=\"elementor-button-wrapper\">\n\t\t\t\t\t<a class=\"elementor-button elementor-button-link elementor-size-sm\" href=\"https:\/\/www.obelix.fi\/hyvinkaa\/poytavaraus\/\">\n\t\t\t\t\t\t<span class=\"elementor-button-content-wrapper\">\n\t\t\t\t\t\t\t\t\t<span class=\"elementor-button-text\">Online-varaus<\/span>\n\t\t\t\t\t<\/span>\n\t\t\t\t\t<\/a>\n\t\t\t\t<\/div>\n\t\t\t\t\t\t\t\t<\/div>\n\t\t\t\t<\/div>\n\t\t\t\t\t<\/div>\n\t\t<\/div>\n\t\t\t\t<div class=\"elementor-column elementor-col-50 elementor-top-column elementor-element elementor-element-9f46b73\" data-id=\"9f46b73\" data-element_type=\"column\">\n\t\t\t<div class=\"elementor-widget-wrap elementor-element-populated\">\n\t\t\t\t\t\t<div class=\"elementor-element elementor-element-aef9cd2 elementor-widget elementor-widget-heading\" data-id=\"aef9cd2\" data-element_type=\"widget\" data-widget_type=\"heading.default\">\n\t\t\t\t<div class=\"elementor-widget-container\">\n\t\t\t\t\t<h2 class=\"elementor-heading-title elementor-size-default\">Laskutustiedot<\/h2>\t\t\t\t<\/div>\n\t\t\t\t<\/div>\n\t\t\t\t<div class=\"elementor-element elementor-element-00cfd9d elementor-widget elementor-widget-text-editor\" data-id=\"00cfd9d\" data-element_type=\"widget\" data-widget_type=\"text-editor.default\">\n\t\t\t\t<div class=\"elementor-widget-container\">\n\t\t\t\t\t\t\t\t\t<p>Hyv\u00e4 yhteisty\u00f6kumppani Obel 1x Oy:n ajantasaiset laskutustiedot l\u00f6ytyv\u00e4t oheisesta pdf:st\u00e4. (Ohessa olevat laskutustiedot tulevat voimaan 28.11.2022).<\/p>\t\t\t\t\t\t\t\t<\/div>\n\t\t\t\t<\/div>\n\t\t\t\t<div class=\"elementor-element elementor-element-129af86 elementor-widget elementor-widget-button\" data-id=\"129af86\" data-element_type=\"widget\" data-widget_type=\"button.default\">\n\t\t\t\t<div class=\"elementor-widget-container\">\n\t\t\t\t\t\t\t\t\t<div class=\"elementor-button-wrapper\">\n\t\t\t\t\t<a class=\"elementor-button elementor-button-link elementor-size-sm\" href=\"https:\/\/www.obelix.fi\/hyvinkaa\/wp-content\/uploads\/2025\/09\/Obel1X-Oy-2556157-6-Laskutustiedot-2025.pdf\">\n\t\t\t\t\t\t<span class=\"elementor-button-content-wrapper\">\n\t\t\t\t\t\t\t\t\t<span class=\"elementor-button-text\">Laskutustiedot (pdf)<\/span>\n\t\t\t\t\t<\/span>\n\t\t\t\t\t<\/a>\n\t\t\t\t<\/div>\n\t\t\t\t\t\t\t\t<\/div>\n\t\t\t\t<\/div>\n\t\t\t\t\t<\/div>\n\t\t<\/div>\n\t\t\t\t\t<\/div>\n\t\t<\/section>\n\t\t\t\t<section class=\"elementor-section elementor-top-section elementor-element elementor-element-4fdbeef elementor-section-boxed elementor-section-height-default elementor-section-height-default\" data-id=\"4fdbeef\" data-element_type=\"section\">\n\t\t\t\t\t\t<div class=\"elementor-container elementor-column-gap-default\">\n\t\t\t\t\t<div class=\"elementor-column elementor-col-100 elementor-top-column elementor-element elementor-element-3e84bce\" data-id=\"3e84bce\" data-element_type=\"column\">\n\t\t\t<div class=\"elementor-widget-wrap elementor-element-populated\">\n\t\t\t\t\t\t<div class=\"elementor-element elementor-element-2ae01db elementor-widget elementor-widget-html\" data-id=\"2ae01db\" data-element_type=\"widget\" data-widget_type=\"html.default\">\n\t\t\t\t<div class=\"elementor-widget-container\">\n\t\t\t\t\t<div id=\"mc_embed_shell\">\r\n      <link href=\"\/\/cdn-images.mailchimp.com\/embedcode\/classic-061523.css\" rel=\"stylesheet\" type=\"text\/css\">\r\n  <style type=\"text\/css\">\r\n        #mc_embed_signup{background:#fff; false;clear:left; font:14px Helvetica,Arial,sans-serif; width: 600px;}\r\n        \/* Add your own Mailchimp form style overrides in your site stylesheet or in this style block.\r\n           We recommend moving this block and the preceding CSS link to the HEAD of your HTML file. *\/\r\n<\/style>\r\n<div id=\"mc_embed_signup\">\r\n    <form action=\"https:\/\/obelix.us10.list-manage.com\/subscribe\/post?u=099878e8c8285f750fb9c0ad8&amp;id=014bb32449&amp;f_id=00d4e5e5f0\" method=\"post\" id=\"mc-embedded-subscribe-form\" name=\"mc-embedded-subscribe-form\" class=\"validate\" target=\"_blank\">\r\n        <div id=\"mc_embed_signup_scroll\"><h2>Tilaa uutiskirjeemme<\/h2>\r\n            <div class=\"indicates-required\"><span class=\"asterisk\">*<\/span> indicates required<\/div>\r\n            <div class=\"mc-field-group\"><label for=\"mce-EMAIL\">S\u00e4hk\u00f6postiosoitteesi <span class=\"asterisk\">*<\/span><\/label><input type=\"email\" name=\"EMAIL\" class=\"required email\" id=\"mce-EMAIL\" required=\"\" value=\"\"><\/div>\r\n        <div id=\"mce-responses\" class=\"clear foot\">\r\n            <div class=\"response\" id=\"mce-error-response\" style=\"display: none;\"><\/div>\r\n            <div class=\"response\" id=\"mce-success-response\" style=\"display: none;\"><\/div>\r\n        <\/div>\r\n    <div aria-hidden=\"true\" style=\"position: absolute; left: -5000px;\">\r\n        \/* real people should not fill this in and expect good things - do not remove this or risk form bot signups *\/\r\n        <input type=\"text\" name=\"b_099878e8c8285f750fb9c0ad8_014bb32449\" tabindex=\"-1\" value=\"\">\r\n    <\/div>\r\n        <div class=\"optionalParent\">\r\n            <div class=\"clear foot\">\r\n                <input type=\"submit\" name=\"subscribe\" id=\"mc-embedded-subscribe\" class=\"button\" value=\"Tilaa\">\r\n                <p style=\"margin: 0px auto;\"><a href=\"http:\/\/eepurl.com\/iLpOi6\" title=\"Mailchimp - email marketing made easy and fun\"><span style=\"display: inline-block; background-color: transparent; border-radius: 4px;\"><img decoding=\"async\" class=\"refferal_badge\" src=\"https:\/\/digitalasset.intuit.com\/render\/content\/dam\/intuit\/mc-fe\/en_us\/images\/intuit-mc-rewards-text-dark.svg\" alt=\"Intuit Mailchimp\" style=\"width: 220px; height: 40px; display: flex; padding: 2px 0px; justify-content: center; align-items: center;\"><\/span><\/a><\/p>\r\n            <\/div>\r\n        <\/div>\r\n    <\/div>\r\n<\/form>\r\n<\/div>\r\n<script type=\"text\/javascript\" src=\"\/\/s3.amazonaws.com\/downloads.mailchimp.com\/js\/mc-validate.js\"><\/script><script type=\"text\/javascript\">(function($) {window.fnames = new Array(); window.ftypes = new Array();fnames[0]='EMAIL';ftypes[0]='email';fnames[1]='FNAME';ftypes[1]='text';fnames[2]='LNAME';ftypes[2]='text';fnames[3]='ADDRESS';ftypes[3]='address';fnames[4]='PHONE';ftypes[4]='phone';fnames[5]='BIRTHDAY';ftypes[5]='birthday';\/*\r\n * Translated default messages for the $ validation plugin.\r\n * Locale: FI\r\n *\/\r\n$.extend($.validator.messages, {\r\n\trequired: \"T&auml;m&auml; kentt&auml; on pakollinen.\",\r\n\tmaxlength: $.validator.format(\"Voit sy&ouml;tt&auml;&auml; enint&auml;&auml;n {0} merkki&auml;.\"),\r\n\tminlength: $.validator.format(\"V&auml;hint&auml;&auml;n {0} merkki&auml;.\"),\r\n\trangelength: $.validator.format(\"Sy&ouml;t&auml; v&auml;hint&auml;&auml;n {0} ja enint&auml;&auml;n {1} merkki&auml;.\"),\r\n\temail: \"Sy&ouml;t&auml; oikea s&auml;hk&ouml;postiosoite.\",\r\n\turl: \"Sy&ouml;t&auml; oikea URL osoite.\",\r\n\tdate: \"Sy&ouml;t&auml; oike p&auml;iv&auml;m&auml;&auml;r&auml;.\",\r\n\tdateISO: \"Sy&ouml;t&auml; oike p&auml;iv&auml;m&auml;&auml;r&auml; (VVVV-MM-DD).\",\r\n\tnumber: \"Sy&ouml;t&auml; numero.\",\r\n\tdigits: \"Sy&ouml;t&auml; pelk&auml;st&auml;&auml;n numeroita.\",\r\n\tequalTo: \"Sy&ouml;t&auml; sama arvo uudestaan.\",\r\n\trange: $.validator.format(\"Sy&ouml;t&auml; arvo {0} ja {1} v&auml;lilt&auml;.\"),\r\n\tmax: $.validator.format(\"Sy&ouml;t&auml; arvo joka on yht&auml; suuri tai suurempi kuin {0}.\"),\r\n\tmin: $.validator.format(\"Sy&ouml;t&auml; arvo joka on pienempi tai yht&auml; suuri kuin {0}.\"),\r\n\tcreditcard: \"Sy&ouml;t&auml; voimassa oleva luottokorttinumero.\"\r\n});}(jQuery));var $mcj = jQuery.noConflict(true);<\/script><\/div>\r\n\t\t\t\t<\/div>\n\t\t\t\t<\/div>\n\t\t\t\t\t<\/div>\n\t\t<\/div>\n\t\t\t\t\t<\/div>\n\t\t<\/section>\n\t\t\t\t<\/div>\n\t\t","protected":false},"excerpt":{"rendered":"<p>Yhteystiedot Ravintola Obelix Uudenmaankatu 4-605800 Hyvink\u00e4\u00e4 Puhelin 019 451130Whatsapp +358 40 6472863obelix@obelix.fi Avoinna Olemme avoinna maanantaista lauantaihin. Sunnuntaisin ravintolamme on suljettu. MA-TO 10.30-22.00 (keitti\u00f6 21.30, 7.1. alkaen 21.00)PE 10.30-23.00 (keitti\u00f6 22.00)LA 12.00-23.00 (keitti\u00f6 22.00) Maistuvia annoksia paikan p\u00e4\u00e4ll\u00e4 nautittavaksi tai kotiin noudettavaksi! Soita meille tai tule paikan p\u00e4\u00e4lle ja tilaa. Esteett\u00f6myys Ravintolamme sis\u00e4\u00e4np\u00e4\u00e4sy on esteet\u00f6n [&hellip;]<\/p>\n","protected":false},"author":2,"featured_media":0,"parent":0,"menu_order":0,"comment_status":"closed","ping_status":"closed","template":"elementor_header_footer","meta":{"footnotes":""},"class_list":["post-193","page","type-page","status-publish","hentry"],"_links":{"self":[{"href":"https:\/\/www.obelix.fi\/hyvinkaa\/wp-json\/wp\/v2\/pages\/193","targetHints":{"allow":["GET"]}}],"collection":[{"href":"https:\/\/www.obelix.fi\/hyvinkaa\/wp-json\/wp\/v2\/pages"}],"about":[{"href":"https:\/\/www.obelix.fi\/hyvinkaa\/wp-json\/wp\/v2\/types\/page"}],"author":[{"embeddable":true,"href":"https:\/\/www.obelix.fi\/hyvinkaa\/wp-json\/wp\/v2\/users\/2"}],"replies":[{"embeddable":true,"href":"https:\/\/www.obelix.fi\/hyvinkaa\/wp-json\/wp\/v2\/comments?post=193"}],"version-history":[{"count":151,"href":"https:\/\/www.obelix.fi\/hyvinkaa\/wp-json\/wp\/v2\/pages\/193\/revisions"}],"predecessor-version":[{"id":4251,"href":"https:\/\/www.obelix.fi\/hyvinkaa\/wp-json\/wp\/v2\/pages\/193\/revisions\/4251"}],"wp:attachment":[{"href":"https:\/\/www.obelix.fi\/hyvinkaa\/wp-json\/wp\/v2\/media?parent=193"}],"curies":[{"name":"wp","href":"https:\/\/api.w.org\/{rel}","templated":true}]}}