{"id":1517,"date":"2022-11-16T09:52:57","date_gmt":"2022-11-16T07:52:57","guid":{"rendered":"https:\/\/www.huomio.fi\/testi\/obelix\/?page_id=1517"},"modified":"2026-03-28T12:27:50","modified_gmt":"2026-03-28T10:27:50","slug":"rekry","status":"publish","type":"page","link":"https:\/\/www.obelix.fi\/hyvinkaa\/rekry\/","title":{"rendered":"Rekry"},"content":{"rendered":"\t\t<div data-elementor-type=\"wp-page\" data-elementor-id=\"1517\" class=\"elementor elementor-1517\" data-elementor-post-type=\"page\">\n\t\t\t\t\t\t<section class=\"elementor-section elementor-top-section elementor-element elementor-element-4675eb37 elementor-section-height-min-height elementor-section-stretched elementor-section-boxed elementor-section-height-default elementor-section-items-middle\" data-id=\"4675eb37\" data-element_type=\"section\" data-settings=\"{&quot;stretch_section&quot;:&quot;section-stretched&quot;}\">\n\t\t\t\t\t\t\t<div class=\"elementor-background-overlay\"><\/div>\n\t\t\t\t\t\t\t<div class=\"elementor-container elementor-column-gap-default\">\n\t\t\t\t\t<div class=\"elementor-column elementor-col-100 elementor-top-column elementor-element elementor-element-6b473bfd\" data-id=\"6b473bfd\" data-element_type=\"column\">\n\t\t\t<div class=\"elementor-widget-wrap elementor-element-populated\">\n\t\t\t\t\t\t\t<\/div>\n\t\t<\/div>\n\t\t\t\t\t<\/div>\n\t\t<\/section>\n\t\t\t\t<section class=\"elementor-section elementor-top-section elementor-element elementor-element-3129187f elementor-section-boxed elementor-section-height-default elementor-section-height-default\" data-id=\"3129187f\" data-element_type=\"section\">\n\t\t\t\t\t\t<div class=\"elementor-container elementor-column-gap-default\">\n\t\t\t\t\t<div class=\"elementor-column elementor-col-100 elementor-top-column elementor-element elementor-element-12cee31b\" data-id=\"12cee31b\" data-element_type=\"column\">\n\t\t\t<div class=\"elementor-widget-wrap elementor-element-populated\">\n\t\t\t\t\t\t<div class=\"elementor-element elementor-element-5a5d5f7c elementor-widget elementor-widget-heading\" data-id=\"5a5d5f7c\" data-element_type=\"widget\" data-widget_type=\"heading.default\">\n\t\t\t\t<div class=\"elementor-widget-container\">\n\t\t\t\t\t<h5 class=\"elementor-heading-title elementor-size-default\">Ravintola obelix<\/h5>\t\t\t\t<\/div>\n\t\t\t\t<\/div>\n\t\t\t\t<div class=\"elementor-element elementor-element-393cbae7 elementor-widget elementor-widget-heading\" data-id=\"393cbae7\" data-element_type=\"widget\" data-widget_type=\"heading.default\">\n\t\t\t\t<div class=\"elementor-widget-container\">\n\t\t\t\t\t<h2 class=\"elementor-heading-title elementor-size-default\">Avoimet ty\u00f6paikat<\/h2>\t\t\t\t<\/div>\n\t\t\t\t<\/div>\n\t\t\t\t<div class=\"elementor-element elementor-element-d8092e2 elementor-widget-divider--view-line elementor-widget elementor-widget-divider\" data-id=\"d8092e2\" data-element_type=\"widget\" data-widget_type=\"divider.default\">\n\t\t\t\t<div class=\"elementor-widget-container\">\n\t\t\t\t\t\t\t<div class=\"elementor-divider\">\n\t\t\t<span class=\"elementor-divider-separator\">\n\t\t\t\t\t\t<\/span>\n\t\t<\/div>\n\t\t\t\t\t\t<\/div>\n\t\t\t\t<\/div>\n\t\t\t\t<div class=\"elementor-element elementor-element-0d20c15 elementor-widget elementor-widget-text-editor\" data-id=\"0d20c15\" data-element_type=\"widget\" data-widget_type=\"text-editor.default\">\n\t\t\t\t<div class=\"elementor-widget-container\">\n\t\t\t\t\t\t\t\t\t<p data-pm-slice=\"1 1 []\"><strong>T\u00e4ll\u00e4 hetkell\u00e4 meill\u00e4 ei ole voimia ty\u00f6paikkoja. Voit halutessasi l\u00e4hett\u00e4\u00e4 meille kuitenkin avoimen hakemuksen vastaisuuden varalle.<\/strong><\/p><p data-pm-slice=\"1 1 []\"><span style=\"color: #a7a8a9; font-size: 16px; font-weight: 600; letter-spacing: 3px; text-transform: uppercase;\">V\u00e4h\u00e4n meist\u00e4<\/span><\/p><div><p>Yrityksell\u00e4 on pitk\u00e4t, 30 vuoden juuret Hyvink\u00e4\u00e4n ja Riihim\u00e4en ravintolamaailmassa. Ravintoloillamme on pyrkimys helposti l\u00e4hestytt\u00e4v\u00e4\u00e4n tunnelmaan, hyv\u00e4\u00e4n ruokaan ja mahtavaan palveluun!<br \/>Meille t\u00e4rke\u00e4\u00e4 ovat laadukkaat tuotteet, pyrkimys kotimaisuuteen ja raaka-aineiden kunnioitus. Jos me voimme antaa asiakkaillemme hienon ravintolakokemuksen ja vatsat t\u00e4yteen, olemme onnistuneet ty\u00f6ss\u00e4mme.<\/p><p>Ehk\u00e4 juuri sinulla voimakasta kiinnostusta hyv\u00e4\u00e4n ruokaan sek\u00e4 ravintola-alaan? Oletko kotonasi keitti\u00f6ss\u00e4 ja omaat kokemusta alasta? Hae meille t\u00f6ihin!<\/p><\/div><div class=\"gtm-apply-clicks description description--jobentry\"><div><h5><b>Tarjoamme ty\u00f6nhakijoille<\/b><\/h5><p>&#8211; monipuoliset ty\u00f6skentelymahdollisuudet<br \/>&#8211; rennon ty\u00f6ymp\u00e4rist\u00f6n sek\u00e4 mahtavan ty\u00f6tiimin<br \/>&#8211; jouston ty\u00f6vuorotoiveissa<br \/>&#8211; ty\u00f6p\u00e4ivin\u00e4 ateriaedun<br \/>&#8211; mahdollisuus vaikuttaa tuotevalikoimaan<br \/>&#8211; koulutuksia ja tastingeja<br \/>&#8211; mahdollisuus suorittaa alan tutkinnonosia ty\u00f6n ohella<br \/>&#8211; kattavan ty\u00f6terveyden ja vakuutukset, jotka ulottuvat my\u00f6s vapaa-ajalle<br \/>&#8211; oppia ihmisten kanssa toimimiseen, nopeaan p\u00e4\u00e4t\u00f6ksentekoon ja kykyyn selvit\u00e4 kiperist\u00e4 tilanteista kunnialla. Kokemuksesta on varmasti hy\u00f6ty\u00e4 uralla.<\/p><\/div><h5><b>Vaadimme hakijalta<\/b><\/h5><div>&#8211; hyvi\u00e4 yhteisty\u00f6taitoja, tilannetajua sek\u00e4 joustavuutta<br \/>&#8211; reippaan, positiivisen asenteen ja kiinnostusta hyv\u00e4\u00e4n ruokaan, juomaan sek\u00e4 erilaisiin palvelutilanteisiin<\/div><div>&#8211; ruoan laadukkuus, hyv\u00e4t maut ja raaka-aineet ovat sinulle t\u00e4rkeit\u00e4<br \/>&#8211; t\u00e4ysi-ik\u00e4isyytt\u00e4<\/div><div>&#8211; sujuvaa suomenkielen taitoa<br \/>&#8211; kokemusta ravintoala-alan t\u00f6ist\u00e4 \/ alan koulutusta<br \/>&#8211; hygienia- ja anniskelupassin<\/div><div>\u00a0<\/div><h5 data-pm-slice=\"1 1 []\">Ty\u00f6teht\u00e4v\u00e4t<\/h5><p>Teht\u00e4viin kuuluvat kokin teht\u00e4v\u00e4t lounaan ja a la carten parissa.<br \/>&#8211; lounaan valmistelu ja esille laitto<br \/>&#8211; keitti\u00f6n valmistelevat teht\u00e4v\u00e4t, misat sek\u00e4 kunnossapitoteht\u00e4v\u00e4t<br \/>&#8211; a la carte annosten valmistelu ja nostaminen<br \/>&#8211; omavalvonnasta huolehtiminen sek\u00e4 varaston yll\u00e4pito<br \/>&#8211; muita ravintolassa esiintyv\u00e4t teht\u00e4v\u00e4t<\/p><p>Aiempi kokemus buffet- ja a la carte ruokien valmistamisesta sek\u00e4 ryhm\u00e4tilaisuuksista katsotaan eduksi.<\/p><p>Esimiehen teht\u00e4viin kuuluu lis\u00e4ksi mm.<br \/>&#8211; vastuu vuoron toiminnasta<br \/>&#8211; asiakkaiden ja yhteisty\u00f6kumppaneiden kanssa kommunikointi<br \/>&#8211; vuorosuunnittelu<br \/>&#8211; tuotesuunnitteluun osallistuminen<br \/>&#8211; markkinointiin osallistuminen ja sosiaalisen median yll\u00e4pito<\/p><p>Aiempi kokemus esimiesteht\u00e4vist\u00e4 katsotaan eduksi.<\/p><h6><b>Hakuohjeet<\/b><\/h6><div>L\u00e4het\u00e4 ihmeess\u00e4 vapaamuotoinen hakemus CV:n kera osoitteeseen:\u00a0<strong>sanni.jyvasjarvi@obelix.fi<\/strong> niin jutellaan lis\u00e4\u00e4!<br \/>Kysy lis\u00e4\u00e4 ihmeess\u00e4, jos jokin j\u00e4i mietitytt\u00e4m\u00e4\u00e4n.<\/div><div>\u00a0<\/div><div>Terkuin Sanni<\/div><\/div>\t\t\t\t\t\t\t\t<\/div>\n\t\t\t\t<\/div>\n\t\t\t\t\t<\/div>\n\t\t<\/div>\n\t\t\t\t\t<\/div>\n\t\t<\/section>\n\t\t\t\t<\/div>\n\t\t","protected":false},"excerpt":{"rendered":"<p>Ravintola obelix Avoimet ty\u00f6paikat T\u00e4ll\u00e4 hetkell\u00e4 meill\u00e4 ei ole voimia ty\u00f6paikkoja. Voit halutessasi l\u00e4hett\u00e4\u00e4 meille kuitenkin avoimen hakemuksen vastaisuuden varalle. V\u00e4h\u00e4n meist\u00e4 Yrityksell\u00e4 on pitk\u00e4t, 30 vuoden juuret Hyvink\u00e4\u00e4n ja Riihim\u00e4en ravintolamaailmassa. Ravintoloillamme on pyrkimys helposti l\u00e4hestytt\u00e4v\u00e4\u00e4n tunnelmaan, hyv\u00e4\u00e4n ruokaan ja mahtavaan palveluun!Meille t\u00e4rke\u00e4\u00e4 ovat laadukkaat tuotteet, pyrkimys kotimaisuuteen ja raaka-aineiden kunnioitus. Jos me voimme [&hellip;]<\/p>\n","protected":false},"author":2,"featured_media":0,"parent":0,"menu_order":0,"comment_status":"closed","ping_status":"closed","template":"","meta":{"footnotes":""},"class_list":["post-1517","page","type-page","status-publish","hentry"],"_links":{"self":[{"href":"https:\/\/www.obelix.fi\/hyvinkaa\/wp-json\/wp\/v2\/pages\/1517","targetHints":{"allow":["GET"]}}],"collection":[{"href":"https:\/\/www.obelix.fi\/hyvinkaa\/wp-json\/wp\/v2\/pages"}],"about":[{"href":"https:\/\/www.obelix.fi\/hyvinkaa\/wp-json\/wp\/v2\/types\/page"}],"author":[{"embeddable":true,"href":"https:\/\/www.obelix.fi\/hyvinkaa\/wp-json\/wp\/v2\/users\/2"}],"replies":[{"embeddable":true,"href":"https:\/\/www.obelix.fi\/hyvinkaa\/wp-json\/wp\/v2\/comments?post=1517"}],"version-history":[{"count":58,"href":"https:\/\/www.obelix.fi\/hyvinkaa\/wp-json\/wp\/v2\/pages\/1517\/revisions"}],"predecessor-version":[{"id":4427,"href":"https:\/\/www.obelix.fi\/hyvinkaa\/wp-json\/wp\/v2\/pages\/1517\/revisions\/4427"}],"wp:attachment":[{"href":"https:\/\/www.obelix.fi\/hyvinkaa\/wp-json\/wp\/v2\/media?parent=1517"}],"curies":[{"name":"wp","href":"https:\/\/api.w.org\/{rel}","templated":true}]}}